{"id":5547,"date":"2021-10-13T11:25:24","date_gmt":"2021-11-26T11:25:24","guid":{"rendered":"https:\/\/vinyaelsvilars.parentesi.net\/producto\/leix\/"},"modified":"2022-01-27T12:18:16","modified_gmt":"2022-01-27T12:18:16","slug":"leix","status":"publish","type":"product","link":"https:\/\/vinyaelsvilars.parentesi.net\/es\/producto\/leix\/","title":{"rendered":"Leix"},"content":{"rendered":"<ul>\n<li>100% syrah<\/li>\n<li>Vi\u00f1edo propio<\/li>\n<li>13 meses en barrica bordelesa de roble franc\u00e9s<\/li>\n<\/ul>\n<p><strong>Nota de cata<\/strong><\/p>\n<p>Color cereza con tonos azulados en capa fina. Aroma de fruta madura, especiado, tostados muy finos con aromas bals\u00e1micos.<\/p>\n<p>En boca, tostados finos, roble cremoso, mineral, buena acidez y fresco final largo, con notas de caramelo de frutas rojas, bals\u00e1mico goloso. Marida adem\u00e1s de carnes, con pescados grasos, como el at\u00fan rojo y con chocolate negro.<\/p>\n<p>Dado que no se ha sometido a ning\u00fan tipo de estabilizaci\u00f3n en fr\u00edo, pueden aparecer sedimentos naturales. Es aconsejable decantarle al menos media hora antes del consumo.<\/p>\n<p>Perfecto para maridar con carnes y pescados grasos.<\/p>\n<p>Temperatura de consumo de alrededor de 14 \u00baC.<\/p>\n<div style=\"width: 940px;\" class=\"wp-video\"><!--[if lt IE 9]><script>document.createElement('video');<\/script><![endif]-->\n<video class=\"wp-video-shortcode\" id=\"video-5547-1\" width=\"940\" height=\"788\" preload=\"metadata\" controls=\"controls\"><source type=\"video\/mp4\" src=\"http:\/\/vinyaelsvilars.parentesi.net\/wp-content\/uploads\/2020\/07\/Vinya-els-Vilars-Leix-Rosa-Zarza-eno\u0301logo-bodega-1.mp4?_=1\" \/><a href=\"http:\/\/vinyaelsvilars.parentesi.net\/wp-content\/uploads\/2020\/07\/Vinya-els-Vilars-Leix-Rosa-Zarza-eno\u0301logo-bodega-1.mp4\">http:\/\/vinyaelsvilars.parentesi.net\/wp-content\/uploads\/2020\/07\/Vinya-els-Vilars-Leix-Rosa-Zarza-eno\u0301logo-bodega-1.mp4<\/a><\/video><\/div>\n<p>&nbsp;<\/p>\n","protected":false},"excerpt":{"rendered":"<p>Leix, un syrah 100% con m\u00e1s de un a\u00f1o en barrica que nos aportar\u00e1 unos aromas de fruta madura, especiadas, bals\u00e1micas\u2026 Un gran vino para disfrutar, para compartir.<\/p>\n","protected":false},"featured_media":4792,"comment_status":"open","ping_status":"closed","template":"","meta":{"ngg_post_thumbnail":0},"product_cat":[1098],"product_tag":[],"_links":{"self":[{"href":"https:\/\/vinyaelsvilars.parentesi.net\/es\/wp-json\/wp\/v2\/product\/5547"}],"collection":[{"href":"https:\/\/vinyaelsvilars.parentesi.net\/es\/wp-json\/wp\/v2\/product"}],"about":[{"href":"https:\/\/vinyaelsvilars.parentesi.net\/es\/wp-json\/wp\/v2\/types\/product"}],"replies":[{"embeddable":true,"href":"https:\/\/vinyaelsvilars.parentesi.net\/es\/wp-json\/wp\/v2\/comments?post=5547"}],"wp:featuredmedia":[{"embeddable":true,"href":"https:\/\/vinyaelsvilars.parentesi.net\/es\/wp-json\/wp\/v2\/media\/4792"}],"wp:attachment":[{"href":"https:\/\/vinyaelsvilars.parentesi.net\/es\/wp-json\/wp\/v2\/media?parent=5547"}],"wp:term":[{"taxonomy":"product_cat","embeddable":true,"href":"https:\/\/vinyaelsvilars.parentesi.net\/es\/wp-json\/wp\/v2\/product_cat?post=5547"},{"taxonomy":"product_tag","embeddable":true,"href":"https:\/\/vinyaelsvilars.parentesi.net\/es\/wp-json\/wp\/v2\/product_tag?post=5547"}],"curies":[{"name":"wp","href":"https:\/\/api.w.org\/{rel}","templated":true}]}}