{"id":5535,"date":"2021-10-08T11:41:33","date_gmt":"2021-11-26T11:41:33","guid":{"rendered":"https:\/\/vinyaelsvilars.parentesi.net\/producto\/quim-2\/"},"modified":"2022-01-27T11:37:41","modified_gmt":"2022-01-27T11:37:41","slug":"quim-2","status":"publish","type":"product","link":"https:\/\/vinyaelsvilars.parentesi.net\/es\/producto\/quim-2\/","title":{"rendered":"Quim"},"content":{"rendered":"<ul>\n<li>Macabeo 100%<\/li>\n<li>Vi\u00f1edo propio<\/li>\n<\/ul>\n<p><strong>Nota de cata<\/strong><\/p>\n<p>Color amarillo p\u00e1lido con reminiscencias verdosas. Aromas de fruta blanca (pl\u00e1tano y melocot\u00f3n de vi\u00f1a) con recuerdos de fruta tropical (pi\u00f1a) y flores (jazm\u00edn).<\/p>\n<p>En boca se presenta delicado, fresco, muy afrutado. Globalmente encantador. Marida con entrantes suaves, marisco, pescado y carne blanca.<\/p>\n<p>Temperatura de consumo en torno a los 6-8 \u00baC.<\/p>\n<div style=\"width: 940px;\" class=\"wp-video\"><!--[if lt IE 9]><script>document.createElement('video');<\/script><![endif]-->\n<video class=\"wp-video-shortcode\" id=\"video-5535-1\" width=\"940\" height=\"788\" preload=\"metadata\" controls=\"controls\"><source type=\"video\/mp4\" src=\"http:\/\/vinyaelsvilars.parentesi.net\/wp-content\/uploads\/2020\/07\/Vinya-els-Vilars-Quim-Rosa-Zarza-eno\u0301logo-bodega-1.mp4?_=1\" \/><a href=\"http:\/\/vinyaelsvilars.parentesi.net\/wp-content\/uploads\/2020\/07\/Vinya-els-Vilars-Quim-Rosa-Zarza-eno\u0301logo-bodega-1.mp4\">http:\/\/vinyaelsvilars.parentesi.net\/wp-content\/uploads\/2020\/07\/Vinya-els-Vilars-Quim-Rosa-Zarza-eno\u0301logo-bodega-1.mp4<\/a><\/video><\/div>\n<p>&nbsp;<\/p>\n","protected":false},"excerpt":{"rendered":"<p>Fresco, arom\u00e1tico, elegante\u2026 D\u00e9jate seducir por nuestro vino blanco elaborado a base de uva Macabeo. Todo un placer para el paladar, un vino ideal para compartir.<\/p>\n","protected":false},"featured_media":4798,"comment_status":"open","ping_status":"closed","template":"","meta":{"ngg_post_thumbnail":0},"product_cat":[1098],"product_tag":[],"_links":{"self":[{"href":"https:\/\/vinyaelsvilars.parentesi.net\/es\/wp-json\/wp\/v2\/product\/5535"}],"collection":[{"href":"https:\/\/vinyaelsvilars.parentesi.net\/es\/wp-json\/wp\/v2\/product"}],"about":[{"href":"https:\/\/vinyaelsvilars.parentesi.net\/es\/wp-json\/wp\/v2\/types\/product"}],"replies":[{"embeddable":true,"href":"https:\/\/vinyaelsvilars.parentesi.net\/es\/wp-json\/wp\/v2\/comments?post=5535"}],"wp:featuredmedia":[{"embeddable":true,"href":"https:\/\/vinyaelsvilars.parentesi.net\/es\/wp-json\/wp\/v2\/media\/4798"}],"wp:attachment":[{"href":"https:\/\/vinyaelsvilars.parentesi.net\/es\/wp-json\/wp\/v2\/media?parent=5535"}],"wp:term":[{"taxonomy":"product_cat","embeddable":true,"href":"https:\/\/vinyaelsvilars.parentesi.net\/es\/wp-json\/wp\/v2\/product_cat?post=5535"},{"taxonomy":"product_tag","embeddable":true,"href":"https:\/\/vinyaelsvilars.parentesi.net\/es\/wp-json\/wp\/v2\/product_tag?post=5535"}],"curies":[{"name":"wp","href":"https:\/\/api.w.org\/{rel}","templated":true}]}}