{"id":5516,"date":"2021-11-29T09:45:12","date_gmt":"2021-11-29T09:45:12","guid":{"rendered":"https:\/\/vinyaelsvilars.parentesi.net\/enviaments-i-devolucions\/"},"modified":"2022-01-27T11:11:12","modified_gmt":"2022-01-27T11:11:12","slug":"envios-y-devoluciones","status":"publish","type":"page","link":"https:\/\/vinyaelsvilars.parentesi.net\/es\/envios-y-devoluciones\/","title":{"rendered":"Envios y devoluciones"},"content":{"rendered":"<p><div class=\"fusion-fullwidth fullwidth-box fusion-builder-row-1 fusion-flex-container hundred-percent-fullwidth non-hundred-percent-height-scrolling\" style=\"background-color: #d5ae45;background-position: center center;background-repeat: no-repeat;border-width: 0px 0px 0px 0px;border-color:#e2e2e2;border-style:solid;\" ><div class=\"fusion-builder-row fusion-row fusion-flex-align-items-center fusion-flex-justify-content-center\" style=\"width:104% !important;max-width:104% !important;margin-left: calc(-4% \/ 2 );margin-right: calc(-4% \/ 2 );\"><div class=\"fusion-layout-column fusion_builder_column fusion-builder-column-0 fusion_builder_column_1_1 1_1 fusion-flex-column\"><div class=\"fusion-column-wrapper fusion-flex-justify-content-flex-start fusion-content-layout-column\" style=\"background-position:left top;background-repeat:no-repeat;-webkit-background-size:cover;-moz-background-size:cover;-o-background-size:cover;background-size:cover;padding: 0px 0px 0px 0px;\"><\/div><\/div><style type=\"text\/css\">.fusion-body .fusion-builder-column-0{width:100% !important;margin-top : 0px;margin-bottom : 20px;}.fusion-builder-column-0 > .fusion-column-wrapper {padding-top : 0px !important;padding-right : 0px !important;margin-right : 1.92%;padding-bottom : 0px !important;padding-left : 0px !important;margin-left : 1.92%;}@media only screen and (max-width:1024px) {.fusion-body .fusion-builder-column-0{width:100% !important;order : 0;}.fusion-builder-column-0 > .fusion-column-wrapper {margin-right : 1.92%;margin-left : 1.92%;}}@media only screen and (max-width:640px) {.fusion-body .fusion-builder-column-0{width:100% !important;order : 0;}.fusion-builder-column-0 > .fusion-column-wrapper {margin-right : 1.92%;margin-left : 1.92%;}}<\/style><\/div><style type=\"text\/css\">.fusion-body .fusion-flex-container.fusion-builder-row-1{ padding-top : 75px;margin-top : 0px;padding-right : 0px;padding-bottom : 75px;margin-bottom : 0px;padding-left : 0px;}@media only screen and (max-width:1024px) {.fusion-body .fusion-flex-container.fusion-builder-row-1{ padding-top : 100px;padding-bottom : 100px;}}@media only screen and (max-width:640px) {.fusion-body .fusion-flex-container.fusion-builder-row-1{ padding-top : 100px;padding-bottom : 100px;}}<\/style><\/div><div class=\"fusion-fullwidth fullwidth-box fusion-builder-row-2 fusion-flex-container nonhundred-percent-fullwidth non-hundred-percent-height-scrolling\" style=\"background-color: rgba(255,255,255,0);background-position: center center;background-repeat: no-repeat;border-width: 0px 0px 0px 0px;border-color:#e2e2e2;border-style:solid;\" ><div class=\"fusion-builder-row fusion-row fusion-flex-align-items-center fusion-flex-justify-content-center\" style=\"max-width:1248px;margin-left: calc(-4% \/ 2 );margin-right: calc(-4% \/ 2 );\"><div class=\"fusion-layout-column fusion_builder_column fusion-builder-column-1 fusion_builder_column_1_1 1_1 fusion-flex-column fusion-flex-align-self-flex-start\"><div class=\"fusion-column-wrapper fusion-flex-justify-content-flex-start fusion-content-layout-column\" style=\"background-position:left top;background-repeat:no-repeat;-webkit-background-size:cover;-moz-background-size:cover;-o-background-size:cover;background-size:cover;padding: 50px 5% 30px 5%;\"><style type=\"text\/css\">@media only screen and (max-width:1024px) {.fusion-title.fusion-title-1{margin-top:10px!important;margin-bottom:30px!important;}}@media only screen and (max-width:640px) {.fusion-title.fusion-title-1{margin-top:10px!important;margin-bottom:10px!important;}}<\/style><div class=\"fusion-title title fusion-title-1 fusion-sep-none fusion-title-text fusion-title-size-two fusion-animated\" style=\"margin-top:10px;margin-bottom:30px;\" data-animationType=\"fadeInUp\" data-animationDuration=\"0.3\" data-animationOffset=\"100%\"><h2 class=\"title-heading-left\" style=\"margin:0;\">Envios y devoluciones<\/h2><\/div><div class=\"fusion-text fusion-text-1\" style=\"transform:translate3d(0,0,0);\"><h4 class=\"has-medium-font-size\"><strong>Modos y plazos de env\u00edo<\/strong><\/h4>\n<p>Los productos se env\u00edan a la direcci\u00f3n de env\u00edo que el usuario haya indicado en el pedido. En casos EXCEPCIONALES,&nbsp;<strong>www.vinyaelsvilars.cat&nbsp;<\/strong>se reservar\u00e1 el derecho a desglosar el pedido, enviando los art\u00edculos disponibles y dejando pendiente de un segundo env\u00edo, los art\u00edculos no disponibles&nbsp;<strong>www.vinyaelsvilars.cat<\/strong>&nbsp;se pondr\u00e1 en contacto con el usuario acordando otra fecha de entrega o el env\u00edo parcial del pedido.<\/p>\n<p>Los env\u00edos se realizar\u00e1n a trav\u00e9s de un transportista designado por&nbsp;<strong>www.vinyaelsvilars.cat<\/strong>, antes de las 72 horas , contados a partir del siguiente d\u00eda laborable desde la recepci\u00f3n del pago del pedido.<\/p>\n<p>En caso que un pedido haya sido enviado y el usuario no tenga noticias de la entrega, puede contactar con&nbsp;nosotros<strong>&nbsp;<\/strong>en el&nbsp;<strong>973 149 144&nbsp;<\/strong>o en el email&nbsp;<strong>vinyaelsvilars@vinyaelsvilars.com.<\/strong><\/p>\n<p>Los gastos de env\u00edo incluyen los gastos de manipulaci\u00f3n y empaquetado, as\u00ed como los gastos postales.<\/p>\n<p>Las cajas son grandes, y tus art\u00edculos estar\u00e1n perfectamente protegidos.<\/p>\n<p>Por favor, muy importante: <strong>ANTES DE FIRMAR AL MENSAJERO LA RECEPCION DE LOS PRODUCTOS, ASEGURATE DE QUE ESTAN EN PERFECTO ESTADO.<\/strong><\/p>\n<h4 class=\"has-medium-font-size\"><strong>Condiciones de&nbsp;devoluci\u00f3n<\/strong><\/h4>\n<p>Para anular un pedido debes tener en cuenta, que tendr\u00e1s que comunicarlo a&nbsp;<strong>www.vinyaelsvilars.cat<\/strong>&nbsp;ANTES DE QUE EL PEDIDO SEA ENTREGADO AL TRANSPORTISTA, en caso contrario, deber\u00e1s abonar los gastos de transporte de la devoluci\u00f3n.<\/p>\n<p>Los productos defectuosos,&nbsp;deteriorados o roturas ocasionadas por el transportista, se podr\u00e1n devolver en el plazo de &nbsp;24 &nbsp;horas &nbsp;desde la recepci\u00f3n del pedido, y realizares inmediatamente las gestiones para reemplazarlo por otro producto en perfecto estado, y sin cargo adicional.<\/p>\n<p>Si el cliente desiste del pedido, dispone de catorce d\u00edas para la devoluci\u00f3n, siempre que los productos esten en perfecto estado, con su packaging original, siendo de cuenta del cliente los gastos de transporte, del env\u00edo y la devoluci\u00f3n.<\/p>\n<p>Para cualquier incidencia relacionada con la devoluci\u00f3n de art\u00edculos puedes ponerte en contacto con el Departamento de Atenci\u00f3n al Cliente&nbsp; bien por v\u00eda correo electr\u00f3nico:&nbsp;<strong>vinyaelsvilars@vinyaelsvilars.com<\/strong>&nbsp;o bien&nbsp; por tel\u00e9fono contactado con&nbsp;nosotros en el&nbsp;<strong>973 149 144.<\/strong><\/p>\n<\/div><\/div><\/div><style type=\"text\/css\">.fusion-body .fusion-builder-column-1{width:100% !important;margin-top : 0px;margin-bottom : 0px;}.fusion-builder-column-1 > .fusion-column-wrapper {padding-top : 50px !important;padding-right : 5% !important;margin-right : 1.92%;padding-bottom : 30px !important;padding-left : 5% !important;margin-left : 1.92%;}@media only screen and (max-width:1024px) {.fusion-body .fusion-builder-column-1{width:100% !important;order : 0;}.fusion-builder-column-1 > .fusion-column-wrapper {margin-right : 1.92%;margin-left : 1.92%;}}@media only screen and (max-width:640px) {.fusion-body .fusion-builder-column-1{width:100% !important;order : 0;}.fusion-builder-column-1 > .fusion-column-wrapper {padding-top : 0px !important;padding-right : 0px !important;margin-right : 1.92%;padding-bottom : 0px !important;padding-left : 0px !important;margin-left : 1.92%;}}<\/style><\/div><style type=\"text\/css\">.fusion-body .fusion-flex-container.fusion-builder-row-2{ padding-top : 20px;margin-top : 0px;padding-right : 0px;padding-bottom : 20px;margin-bottom : 0px;padding-left : 0px;}<\/style><\/div><\/p>\n","protected":false},"excerpt":{"rendered":"","protected":false},"author":1,"featured_media":0,"parent":0,"menu_order":0,"comment_status":"closed","ping_status":"closed","template":"100-width.php","meta":{"ngg_post_thumbnail":0},"_links":{"self":[{"href":"https:\/\/vinyaelsvilars.parentesi.net\/es\/wp-json\/wp\/v2\/pages\/5516"}],"collection":[{"href":"https:\/\/vinyaelsvilars.parentesi.net\/es\/wp-json\/wp\/v2\/pages"}],"about":[{"href":"https:\/\/vinyaelsvilars.parentesi.net\/es\/wp-json\/wp\/v2\/types\/page"}],"author":[{"embeddable":true,"href":"https:\/\/vinyaelsvilars.parentesi.net\/es\/wp-json\/wp\/v2\/users\/1"}],"replies":[{"embeddable":true,"href":"https:\/\/vinyaelsvilars.parentesi.net\/es\/wp-json\/wp\/v2\/comments?post=5516"}],"version-history":[{"count":4,"href":"https:\/\/vinyaelsvilars.parentesi.net\/es\/wp-json\/wp\/v2\/pages\/5516\/revisions"}],"predecessor-version":[{"id":5522,"href":"https:\/\/vinyaelsvilars.parentesi.net\/es\/wp-json\/wp\/v2\/pages\/5516\/revisions\/5522"}],"wp:attachment":[{"href":"https:\/\/vinyaelsvilars.parentesi.net\/es\/wp-json\/wp\/v2\/media?parent=5516"}],"curies":[{"name":"wp","href":"https:\/\/api.w.org\/{rel}","templated":true}]}}