{"id":5508,"date":"2021-11-29T09:02:04","date_gmt":"2021-11-29T09:02:04","guid":{"rendered":"https:\/\/vinyaelsvilars.parentesi.net\/politica-de-privacitat\/"},"modified":"2022-01-27T10:54:23","modified_gmt":"2022-01-27T10:54:23","slug":"politica-de-privacidad","status":"publish","type":"page","link":"https:\/\/vinyaelsvilars.parentesi.net\/es\/politica-de-privacidad\/","title":{"rendered":"Pol\u00edtica de privacidad"},"content":{"rendered":"<p><div class=\"fusion-fullwidth fullwidth-box fusion-builder-row-1 fusion-flex-container hundred-percent-fullwidth non-hundred-percent-height-scrolling\" style=\"background-color: #d5ae45;background-position: center center;background-repeat: no-repeat;border-width: 0px 0px 0px 0px;border-color:#e2e2e2;border-style:solid;\" ><div class=\"fusion-builder-row fusion-row fusion-flex-align-items-center fusion-flex-justify-content-center\" style=\"width:104% !important;max-width:104% !important;margin-left: calc(-4% \/ 2 );margin-right: calc(-4% \/ 2 );\"><div class=\"fusion-layout-column fusion_builder_column fusion-builder-column-0 fusion_builder_column_1_1 1_1 fusion-flex-column\"><div class=\"fusion-column-wrapper fusion-flex-justify-content-flex-start fusion-content-layout-column\" style=\"background-position:left top;background-repeat:no-repeat;-webkit-background-size:cover;-moz-background-size:cover;-o-background-size:cover;background-size:cover;padding: 0px 0px 0px 0px;\"><\/div><\/div><style type=\"text\/css\">.fusion-body .fusion-builder-column-0{width:100% !important;margin-top : 0px;margin-bottom : 20px;}.fusion-builder-column-0 > .fusion-column-wrapper {padding-top : 0px !important;padding-right : 0px !important;margin-right : 1.92%;padding-bottom : 0px !important;padding-left : 0px !important;margin-left : 1.92%;}@media only screen and (max-width:1024px) {.fusion-body .fusion-builder-column-0{width:100% !important;order : 0;}.fusion-builder-column-0 > .fusion-column-wrapper {margin-right : 1.92%;margin-left : 1.92%;}}@media only screen and (max-width:640px) {.fusion-body .fusion-builder-column-0{width:100% !important;order : 0;}.fusion-builder-column-0 > .fusion-column-wrapper {margin-right : 1.92%;margin-left : 1.92%;}}<\/style><\/div><style type=\"text\/css\">.fusion-body .fusion-flex-container.fusion-builder-row-1{ padding-top : 75px;margin-top : 0px;padding-right : 0px;padding-bottom : 75px;margin-bottom : 0px;padding-left : 0px;}@media only screen and (max-width:1024px) {.fusion-body .fusion-flex-container.fusion-builder-row-1{ padding-top : 100px;padding-bottom : 100px;}}@media only screen and (max-width:640px) {.fusion-body .fusion-flex-container.fusion-builder-row-1{ padding-top : 100px;padding-bottom : 100px;}}<\/style><\/div><div class=\"fusion-fullwidth fullwidth-box fusion-builder-row-2 fusion-flex-container nonhundred-percent-fullwidth non-hundred-percent-height-scrolling\" style=\"background-color: rgba(255,255,255,0);background-position: center center;background-repeat: no-repeat;border-width: 0px 0px 0px 0px;border-color:#e2e2e2;border-style:solid;\" ><div class=\"fusion-builder-row fusion-row fusion-flex-align-items-center fusion-flex-justify-content-center\" style=\"max-width:1248px;margin-left: calc(-4% \/ 2 );margin-right: calc(-4% \/ 2 );\"><div class=\"fusion-layout-column fusion_builder_column fusion-builder-column-1 fusion_builder_column_1_1 1_1 fusion-flex-column fusion-flex-align-self-flex-start\"><div class=\"fusion-column-wrapper fusion-flex-justify-content-flex-start fusion-content-layout-column\" style=\"background-position:left top;background-repeat:no-repeat;-webkit-background-size:cover;-moz-background-size:cover;-o-background-size:cover;background-size:cover;padding: 50px 5% 30px 5%;\"><style type=\"text\/css\">@media only screen and (max-width:1024px) {.fusion-title.fusion-title-1{margin-top:10px!important;margin-bottom:30px!important;}}@media only screen and (max-width:640px) {.fusion-title.fusion-title-1{margin-top:10px!important;margin-bottom:10px!important;}}<\/style><div class=\"fusion-title title fusion-title-1 fusion-sep-none fusion-title-text fusion-title-size-two fusion-animated\" style=\"margin-top:10px;margin-bottom:30px;\" data-animationType=\"fadeInUp\" data-animationDuration=\"0.3\" data-animationOffset=\"100%\"><h2 class=\"title-heading-left\" style=\"margin:0;\">Pol\u00edtica de privacidad<\/h2><\/div><div class=\"fusion-text fusion-text-1\" style=\"transform:translate3d(0,0,0);\"><p class=\"p1\"><strong><span class=\"s1\">Introducci\u00f3<\/span><\/strong><\/p>\n<p class=\"p1\"><span class=\"s1\">La presente Pol\u00edtica de Privacidad ha sido desarrollada teniendo en cuenta lo dispuesto por la Ley Org\u00e1nica de Protecci\u00f3n de Datos de car\u00e1cter personal en vigor, as\u00ed como por el Reglamento 2016\/679 del Parlamento Europeo y del consejo del 27 de abril de 2016 relativo a la protecci\u00f3n de las personas f\u00edsicas en lo que respecta al tratamiento de datos personales y a la circulaci\u00f3n de estos datos, en adelante el RGPD.<\/span><\/p>\n<p class=\"p1\"><span class=\"s1\">Esta Pol\u00edtica de Privacidad tiene por objeto poner en conocimiento de los titulares de los datos personales, respecto de los cuales se est\u00e1 recabando informaci\u00f3n, los aspectos espec\u00edficos relativos al tratamiento sus datos, entre otras cosas, las finalidades de los tratamientos, los datos de contacto para ejercer los derechos que le asisten, los plazos de conservaci\u00f3n de la informaci\u00f3n y las medidas de seguridad entre otras cosas.<\/span><\/p>\n<p class=\"p1\"><strong><span class=\"s1\">Responsable del Tratamiento<\/span><\/strong><\/p>\n<p class=\"p1\"><span class=\"s1\">En t\u00e9rminos de protecci\u00f3n de datos VINYA ELS VILARS S.L., debe ser considerado Responsable del Tratamiento, en relaci\u00f3n a los ficheros\/tratamientos identificados en la presente pol\u00edtica, concretamente en el apartado Tratamientos de datos.<\/span><\/p>\n<p class=\"p1\"><span class=\"s1\">A continuaci\u00f3n, se indican los datos identificativos del titular del presente sitio web:<\/span><\/p>\n<ul>\n<li class=\"p1\"><span class=\"s1\">Responsable del Tratamiento: VINYA ELS VILARS S.L.<\/span><\/li>\n<li class=\"p1\"><span class=\"s1\">CIF: B-25503640<\/span><\/li>\n<li class=\"p1\"><span class=\"s1\">Direcci\u00f3n postal: C\/PUIG GROS S\/N, 25140, ARBECA, (LLEIDA). Direcci\u00f3n electr\u00f3nica: vinyaelsvilars@vinyaelsvilars.com<\/span><\/li>\n<\/ul>\n<p class=\"p1\"><strong><span class=\"s1\">Tratamientos de datos<\/span><\/strong><\/p>\n<p class=\"p1\"><span class=\"s1\">Los datos de car\u00e1cter personal que se soliciten, en su caso, consistir\u00e1n \u00fanicamente en aquellos estrictamente imprescindibles para identificar y atender la solicitud realizada por el titular de los mismos, en adelante el interesado. Dicha informaci\u00f3n ser\u00e1 tratada de forma leal, l\u00edcita y transparente en relaci\u00f3n con el interesado. Por otra parte, los datos personales ser\u00e1n recogidos para finalidades determinadas expl\u00edcitas y leg\u00edtimas, no siendo tratados ulteriormente de manera incompatible con dichos fines.<\/span><\/p>\n<p class=\"p1\"><span class=\"s1\">Los datos recogidos de cada interesado ser\u00e1n adecuados, pertinentes y no excesivos en relaci\u00f3n a las finalidades correspondientes para cada caso, y ser\u00e1n actualizados siempre que sea necesario.<\/span><\/p>\n<p class=\"p1\"><span class=\"s1\">El titular de los datos ser\u00e1 informado, con car\u00e1cter previo a la recogida de sus datos, de los extremos generales regulados en esta pol\u00edtica a fin de que pueda prestar el consentimiento expreso, preciso e inequ\u00edvoco para el tratamiento de sus datos, conforme a los siguientes aspectos.<\/span><\/p>\n<p class=\"p1\"><strong><span class=\"s1\">Finalidades del tratamiento<\/span><\/strong><\/p>\n<p class=\"p1\"><span class=\"s1\">Las finalidades expl\u00edcitas para las cuales se llevan a cabo cada uno de los tratamientos vienen recogidas en las cl\u00e1usulas informativas incorporadas en cada una de las v\u00edas de toma de datos (formularios web, formularios en papel, locuciones o carteles y notas informativas).<\/span><\/p>\n<p class=\"p1\"><span class=\"s1\">No obstante, los datos de car\u00e1cter personal del interesado ser\u00e1n tratados con la exclusiva finalidad de proporcionarles una respuesta efectiva y atender las solicitudes practicadas por el usuario, especificadas junto a la opci\u00f3n, servicio, formulario o sistema de toma de datos que el titular utilice.<\/span><\/p>\n<p class=\"p1\"><strong><span class=\"s1\">Legitimaci\u00f3n<\/span><\/strong><\/p>\n<p class=\"p1\"><span class=\"s1\">Por regla general, previo al tratamiento de los datos personales, VINYA ELS VILARS S.L. obtiene consentimiento expreso e inequ\u00edvoco del titular de los mismos, mediante la incorporaci\u00f3n de cl\u00e1usulas de consentimiento informado en los diferentes sistemas de recogida de informaci\u00f3n.<\/span><\/p>\n<p class=\"p1\"><span class=\"s1\">No obstante, en caso de que no se requiera el consentimiento del interesado, la base legitimadora del tratamiento en la cual se ampara VINYA ELS VILARS S.L. es la existencia de una ley o norma espec\u00edfica que autorice o exija el tratamiento de los datos del interesado.<\/span><\/p>\n<p class=\"p1\"><strong><span class=\"s1\">Destinatarios<\/span><\/strong><\/p>\n<p class=\"p1\"><span class=\"s1\">Por regla general, VINYA ELS VILARS S.L. no procede a la cesi\u00f3n o comunicaci\u00f3n de los datos a terceras entidades, salvo las requeridas legalmente, no obstante, en caso de que fuera necesario, dichas cesiones o comunicaciones de datos se informan al interesado a trav\u00e9s de las cl\u00e1usulas de consentimiento informado contenidas en las diferentes v\u00edas de recogida de datos personales.<\/span><\/p>\n<p class=\"p1\"><strong><span class=\"s1\">Procedencia<\/span><\/strong><\/p>\n<p class=\"p1\"><span class=\"s1\">Por regla general, los datos personales se recogen siempre directamente del interesado, no obstante, en determinadas excepciones, los datos pueden ser recogidos a trav\u00e9s de terceras personas, entidades o servicios diferentes del interesado. En este sentido, este extremo ser\u00e1 trasladado al interesado a trav\u00e9s de las cl\u00e1usulas de consentimiento informado contenidas en las diferentes v\u00edas de recogida de informaci\u00f3n y dentro de un plazo razonable, una vez obtenidos los datos, y a m\u00e1s tardar dentro de un mes.<\/span><\/p>\n<p class=\"p1\"><strong><span class=\"s1\">Plazos de conservaci\u00f3n<\/span><\/strong><\/p>\n<p class=\"p1\"><span class=\"s1\">La informaci\u00f3n recabada del interesado ser\u00e1 conservada mientras sea necesaria para cumplir con la finalidad para la cual fueron recabados los datos personales, de forma que, una vez cumplida la finalidad los datos ser\u00e1n cancelados. Dicha cancelaci\u00f3n dar\u00e1 lugar al bloqueo de los datos conserv\u00e1ndose \u00fanicamente a disposici\u00f3n de las AAPP, Jueces y Tribunales, para atender las posibles responsabilidades nacidas del tratamiento, durante el plazo de prescripci\u00f3n de \u00e9stas, cumplido el citado plazo se proceder\u00e1 a la destrucci\u00f3n de la informaci\u00f3n.<\/span><\/p>\n<p class=\"p1\"><span class=\"s1\">A t\u00edtulo informativo, a continuaci\u00f3n se recogen los plazos legales de conservaci\u00f3n de la informaci\u00f3n en relaci\u00f3n a diferentes materias:<\/span><\/p>\n<p class=\"p1\"><strong><span class=\"s1\">Documento plazo Ref. Legal<\/span><\/strong><\/p>\n<ul>\n<li class=\"p1\"><span class=\"s1\">Documentaci\u00f3n de car\u00e1cter laboral <\/span><span class=\"s1\">o relacionada con la seguridad social 4 a\u00f1os Art\u00edculo 21 del Real Decreto Legislativo 5\/2000, de 4 de agosto, por el que se aprueba el texto refundido de la Ley sobre Infracciones y Sanciones en el Orden Social<\/span><\/li>\n<li class=\"p1\"><span class=\"s1\">Documentaci\u00f3n contable y fiscal a<\/span><\/li>\n<li class=\"p1\"><span class=\"s1\">efectos mercantiles 6 a\u00f1os Art. 30 C\u00f3digo Comercio<\/span><\/li>\n<li class=\"p1\"><span class=\"s1\">Documentaci\u00f3n contable y fiscal a<\/span><\/li>\n<li class=\"p1\"><span class=\"s1\">efectos fiscales 4 a\u00f1os Art\u00edculos 66 a 70 Ley General Tributaria<\/span><\/li>\n<li class=\"p1\"><span class=\"s1\">Control de accesos a edificios 1 mes Gu\u00eda sobre el uso de videoc\u00e1maras para seguridad y otras finalidades de la AEPD<\/span><\/li>\n<li class=\"p1\"><span class=\"s1\">Videovigilancia 1 mes Gu\u00eda sobre el uso de videoc\u00e1maras para seguridad y otras finalidades de la AEPD Ley Org\u00e1nica 4\/1997, de 4 de agosto, por la que se regula la utilizaci\u00f3n de videoc\u00e1maras por las fuerzas y cuerpos de seguridad en lugares p\u00fablicos Ley Org\u00e1nica 4\/2015, de 30 de marzo, de protecci\u00f3n de la seguridad ciudadana<\/span><\/li>\n<\/ul>\n<p class=\"p1\"><strong><span class=\"s1\">Datos de navegaci\u00f3n<\/span><\/strong><\/p>\n<p class=\"p1\"><span class=\"s1\">En relaci\u00f3n a los datos de navegaci\u00f3n que se puedan tratar a trav\u00e9s del sitio web, en caso de que se recojan datos sometidos a la normativa, se recomienda consultar la Pol\u00edtica de Cookies publicada en nuestro sitio web.<\/span><\/p>\n<p class=\"p1\"><strong><span class=\"s1\">Derechos de los interesados<\/span><\/strong><\/p>\n<p class=\"p1\"><span class=\"s1\">La normativa en materia de protecci\u00f3n de datos otorga una serie de derechos a los interesados o titulares de los datos, usuarios del sitio web o usuarios de los perfiles de las redes sociales de VINYA ELS VILARS S.L.<\/span><\/p>\n<p class=\"p1\"><span class=\"s1\">Estos derechos que asisten a las personas interesadas son los siguientes:<\/span><\/p>\n<ul>\n<li class=\"p1\"><span class=\"s1\">Derecho de acceso: derecho a obtener informaci\u00f3n sobre si sus propios datos est\u00e1n siendo objeto de tratamiento, la finalidad del tratamiento que se est\u00e9 realizando, las categor\u00edas de datos que se trate, los destinatarios o categor\u00edas de destinatarios, el plazo de conservaci\u00f3n y el origen de dichos datos.<\/span><\/li>\n<li class=\"p1\"><span class=\"s1\">Derecho de rectificaci\u00f3n: derecho a obtener la rectificaci\u00f3n de los datos personales inexactos o incompletos.<\/span><\/li>\n<li class=\"p1\"><span class=\"s1\">Derecho de supresi\u00f3n: derecho a obtener la supresi\u00f3n de los datos en los siguientes supuestos:<\/span>\n<ul>\n<li class=\"p1\"><span class=\"s1\">Cuando los datos ya no sean necesarios para la finalidad para la cual fueron recabados<\/span><\/li>\n<li class=\"p1\"><span class=\"s1\">Cuando el titular de los mismos retire el consentimiento<\/span><\/li>\n<li class=\"p1\"><span class=\"s1\">Cuando el interesado se oponga al tratamiento<\/span><\/li>\n<li class=\"p1\"><span class=\"s1\">Cuando deban suprimirse en cumplimiento de una obligaci\u00f3n legal<\/span><\/li>\n<li class=\"p1\"><span class=\"s1\">Cuando los datos se hayan obtenido en virtud de un servicio de sociedad de la informaci\u00f3n en base a lo dispuesto en el art. 8 apdo. 1 del Reglamento Europeo sobre Protecci\u00f3n de datos.<\/span><\/li>\n<\/ul>\n<\/li>\n<li class=\"p1\"><span class=\"s1\">Derecho de oposici\u00f3n: derecho a oponerse a un determinado tratamiento basado en el consentimiento del interesado.<\/span><\/li>\n<li class=\"p1\"><span class=\"s1\">Derecho de limitaci\u00f3n: derecho a obtener la limitaci\u00f3n del tratamiento de los datos cuando se de alguno de los siguientes supuestos:<\/span>\n<ul>\n<li class=\"p1\"><span class=\"s1\">Cuando el interesado impugne la exactitud de los datos personales, durante un plazo que permita a la empresa verificar la exactitud de los mismos.<\/span><\/li>\n<li class=\"p1\"><span class=\"s1\">Cuando el tratamiento sea il\u00edcito y el interesado se oponga a la supresi\u00f3n de los datos.<\/span><\/li>\n<li class=\"p1\"><span class=\"s1\">Cuando la empresa ya no necesite los datos para los fines para los que fueron recabados, pero el interesado los necesite para la formulaci\u00f3n, el ejercicio o la defensa de reclamaciones.<\/span><\/li>\n<li class=\"p1\"><span class=\"s1\">Cuando el interesado se haya opuesto al tratamiento mientras se verifica si los motivos leg\u00edtimos de la empresa prevalecen sobre los del interesado.<\/span><\/li>\n<\/ul>\n<\/li>\n<li class=\"p1\"><span class=\"s1\">Derecho a la portabilidad: derecho a obtener los datos en un formato estructurado, de uso com\u00fan y de lectura mec\u00e1nica, y a transmitirlos a otro responsable del tratamiento cuando:<\/span>\n<ul>\n<li class=\"p1\"><span class=\"s1\">El tratamiento est\u00e9 basado en el consentimiento<\/span><\/li>\n<li class=\"p1\"><span class=\"s1\">El tratamiento se efect\u00fae por medios automatizados<\/span><\/li>\n<\/ul>\n<\/li>\n<li class=\"p1\"><span class=\"s1\">Derecho a presentar una reclamaci\u00f3n ante la autoridad de control competente<\/span><\/li>\n<\/ul>\n<p class=\"p1\"><span class=\"s1\">Los interesados podr\u00e1n ejercitar los derechos indicados, dirigi\u00e9ndose a VINYA ELS VILARS S.L., mediante escrito, remitido a la siguiente direcci\u00f3n: C\/PUIG GROS S\/N 25140 ARBECA (LLEIDA) indicando en la l\u00ednea de Asunto el derecho que desea ejercitar.<\/span><\/p>\n<p class=\"p1\"><span class=\"s1\">En este sentido VINYA ELS VILARS S.L. atender\u00e1 su solicitud a la mayor brevedad posible y teniendo en cuenta los plazos previstos en la normativa en materia de protecci\u00f3n de datos.<\/span><\/p>\n<p class=\"p1\"><strong><span class=\"s1\">Seguridad<\/span><\/strong><\/p>\n<p class=\"p1\"><span class=\"s1\">Las medidas de seguridad adoptadas por VINYA ELS VILARS S.L. son aquellas requeridas, de conformidad con lo establecido en el art\u00edculo 32 del RGPD. En este sentido, VINYA ELS VILARS S.L., teniendo en cuenta el estado de la t\u00e9cnica, los costes de aplicaci\u00f3n y la naturaleza, el alcance, el contexto y los fines del tratamiento, as\u00ed como los riesgos de probabilidad y gravedad variables para los derechos y las libertades de las personas f\u00edsicas, tiene establecidas las medidas t\u00e9cnicas y organizativas apropiadas para garantizar el nivel de seguridad adecuado al riesgo existente.<\/span><\/p>\n<p class=\"p1\"><span class=\"s1\">En todo caso, VINYA ELS VILARS S.L. tiene implementados los mecanismos suficientes para:<\/span><\/p>\n<ul>\n<li class=\"p1\"><span class=\"s1\">Garantizar la confidencialidad, integridad, disponibilidad y resiliencia permanentes de los sistemas y servicios de tratamiento.<\/span><\/li>\n<li class=\"p1\"><span class=\"s1\">Restaurar la disponibilidad y el acceso a los datos personales de forma r\u00e1pida, en caso de incidente f\u00edsico o t\u00e9cnico.<\/span><\/li>\n<li class=\"p1\"><span class=\"s1\">Verificar, evaluar y valorar, de forma regular, la eficacia de las medidas t\u00e9cnicas y organizativas implantadas para garantizar la seguridad del tratamiento.<\/span><\/li>\n<li class=\"p1\"><span class=\"s1\">Seudonimizar y cifrar los datos personales, en su caso.<\/span><\/li>\n<\/ul>\n<\/div><\/div><\/div><style type=\"text\/css\">.fusion-body .fusion-builder-column-1{width:100% !important;margin-top : 0px;margin-bottom : 0px;}.fusion-builder-column-1 > .fusion-column-wrapper {padding-top : 50px !important;padding-right : 5% !important;margin-right : 1.92%;padding-bottom : 30px !important;padding-left : 5% !important;margin-left : 1.92%;}@media only screen and (max-width:1024px) {.fusion-body .fusion-builder-column-1{width:100% !important;order : 0;}.fusion-builder-column-1 > .fusion-column-wrapper {margin-right : 1.92%;margin-left : 1.92%;}}@media only screen and (max-width:640px) {.fusion-body .fusion-builder-column-1{width:100% !important;order : 0;}.fusion-builder-column-1 > .fusion-column-wrapper {padding-top : 0px !important;padding-right : 0px !important;margin-right : 1.92%;padding-bottom : 0px !important;padding-left : 0px !important;margin-left : 1.92%;}}<\/style><\/div><style type=\"text\/css\">.fusion-body .fusion-flex-container.fusion-builder-row-2{ padding-top : 20px;margin-top : 0px;padding-right : 0px;padding-bottom : 20px;margin-bottom : 0px;padding-left : 0px;}<\/style><\/div><\/p>\n","protected":false},"excerpt":{"rendered":"","protected":false},"author":1,"featured_media":0,"parent":0,"menu_order":0,"comment_status":"closed","ping_status":"closed","template":"100-width.php","meta":{"ngg_post_thumbnail":0},"_links":{"self":[{"href":"https:\/\/vinyaelsvilars.parentesi.net\/es\/wp-json\/wp\/v2\/pages\/5508"}],"collection":[{"href":"https:\/\/vinyaelsvilars.parentesi.net\/es\/wp-json\/wp\/v2\/pages"}],"about":[{"href":"https:\/\/vinyaelsvilars.parentesi.net\/es\/wp-json\/wp\/v2\/types\/page"}],"author":[{"embeddable":true,"href":"https:\/\/vinyaelsvilars.parentesi.net\/es\/wp-json\/wp\/v2\/users\/1"}],"replies":[{"embeddable":true,"href":"https:\/\/vinyaelsvilars.parentesi.net\/es\/wp-json\/wp\/v2\/comments?post=5508"}],"version-history":[{"count":3,"href":"https:\/\/vinyaelsvilars.parentesi.net\/es\/wp-json\/wp\/v2\/pages\/5508\/revisions"}],"predecessor-version":[{"id":5511,"href":"https:\/\/vinyaelsvilars.parentesi.net\/es\/wp-json\/wp\/v2\/pages\/5508\/revisions\/5511"}],"wp:attachment":[{"href":"https:\/\/vinyaelsvilars.parentesi.net\/es\/wp-json\/wp\/v2\/media?parent=5508"}],"curies":[{"name":"wp","href":"https:\/\/api.w.org\/{rel}","templated":true}]}}